{"id":40,"date":"2023-06-13T11:34:46","date_gmt":"2023-06-13T11:34:46","guid":{"rendered":"https:\/\/web186.sabine.webhoster.ag\/wordpress\/?page_id=40"},"modified":"2025-12-07T13:44:23","modified_gmt":"2025-12-07T13:44:23","slug":"ueber-uns","status":"publish","type":"page","link":"https:\/\/malcev.de\/index.php\/ueber-uns\/","title":{"rendered":"\u00dcber uns"},"content":{"rendered":"\n<p class=\"has-text-align-center\" style=\"font-size:30px\"><strong>Elena Malcev<\/strong><\/p>\n\n\n\n<div class=\"wp-block-media-text alignwide is-stacked-on-mobile is-vertically-aligned-top\" style=\"grid-template-columns:35% auto\"><figure class=\"wp-block-media-text__media\"><img loading=\"lazy\" decoding=\"async\" width=\"289\" height=\"399\" src=\"https:\/\/malcev.de\/wp-content\/uploads\/2023\/06\/Lena-Foto_289-2.jpg\" alt=\"\" class=\"wp-image-349 size-full\" srcset=\"https:\/\/malcev.de\/wp-content\/uploads\/2023\/06\/Lena-Foto_289-2.jpg 289w, https:\/\/malcev.de\/wp-content\/uploads\/2023\/06\/Lena-Foto_289-2-217x300.jpg 217w, https:\/\/malcev.de\/wp-content\/uploads\/2023\/06\/Lena-Foto_289-2-43x60.jpg 43w\" sizes=\"auto, (max-width: 289px) 100vw, 289px\" \/><\/figure><div class=\"wp-block-media-text__content\">\n<p>Elena Malcev ist eine staatlich gepr\u00fcfte Physiotherapeutin, die von 2003 bis 2007 ihre Ausbildung in Kerpen absolvierte. Seit 2007 ist sie selbstst\u00e4ndig und betreibt ihre eigene Praxis in Aachen.<\/p>\n\n\n\n<p>Im Jahr 2008 erwarb sie die Qualifikation als R\u00fcckenschullehrerin nach den Richtlinien der KddR in K\u00f6ln. 2009 absolvierte sie eine Fortbildung in Manueller Therapie an der Fortbildungsakademie Plesch GmbH in K\u00f6ln.<\/p>\n\n\n\n<p>Im Jahr 2012 erweiterte sie ihre Kenntnisse in neurophysiologischer Therapie nach Bobath ebenfalls an der Fortbildungsakademie Plesch GmbH in K\u00f6ln. Im Jahr 2013 absolvierte sie eine Ausbildung in Manueller Lymphdrainage und Komplexer Entstauungstherapie bei Lymphologic in Aachen.<\/p>\n\n\n\n<p>Zuletzt, im Jahr 2022, erlangte Elena Malcev die Zertifizierung als K-Taping Therapeutin.<\/p>\n\n\n\n<p>Mit ihrer umfangreichen Ausbildung und ihrem breiten Spektrum an therapeutischen F\u00e4higkeiten ist Elena Malcev bestens qualifiziert, um ihren Patienten in Aachen die bestm\u00f6gliche Behandlung anzubieten.<\/p>\n<\/div><\/div>\n\n\n\n<hr class=\"wp-block-separator has-alpha-channel-opacity\"\/>\n\n\n\n<p class=\"has-text-align-center\" style=\"font-size:30px\"><strong>Viktor Malcev<\/strong><\/p>\n\n\n\n<div class=\"wp-block-media-text alignwide is-stacked-on-mobile is-vertically-aligned-top\" style=\"grid-template-columns:35% auto\"><figure class=\"wp-block-media-text__media\"><img loading=\"lazy\" decoding=\"async\" width=\"289\" height=\"438\" src=\"https:\/\/malcev.de\/wp-content\/uploads\/2023\/06\/Viktor_289-3.jpg\" alt=\"\" class=\"wp-image-359 size-full\" srcset=\"https:\/\/malcev.de\/wp-content\/uploads\/2023\/06\/Viktor_289-3.jpg 289w, https:\/\/malcev.de\/wp-content\/uploads\/2023\/06\/Viktor_289-3-198x300.jpg 198w, https:\/\/malcev.de\/wp-content\/uploads\/2023\/06\/Viktor_289-3-40x60.jpg 40w\" sizes=\"auto, (max-width: 289px) 100vw, 289px\" \/><\/figure><div class=\"wp-block-media-text__content\">\n<p>Viktor Malcev begann sein Studium an der staatlichen Akademie f\u00fcr Sport im Jahr 1990. Nach Abschluss seines Studiums erhielt er den Titel Diplom-Sportlehrer.<\/p>\n\n\n\n<p>Im Jahr 1995 wurde Viktor Malcev als Diplom-Sportlehrer in Deutschland anerkannt. Zuvor hatte er bereits 1993 die Massageschule &#8222;Wissenschaft und Gesundheit&#8220; in Omsk besucht und erfolgreich als staatlich anerkannter Masseur abgeschlossen.<\/p>\n\n\n\n<p>Von 1993 bis 1995 war er als Trainer f\u00fcr Radsport t\u00e4tig. In den Jahren 1997 bis 1998 absolvierte er ein Praktikum als Masseur im St. Antonius-Hospital in Eschweiler.<\/p>\n\n\n\n<p>Ab dem Jahr 1998 bis 2000 besuchte Viktor die Massageschule beim Landesbad in Aachen. Von 2001 bis 2006 war er selbstst\u00e4ndig in Einer Physiotherapiepraxis.<\/p>\n\n\n\n<p>Im Jahr 2003 absolvierte Viktor einen Lehrgang f\u00fcr manuelle Lymphdrainage. Seit 2007 arbeitet er als Angestellter in  der Praxis seiner Ehefrau.<\/p>\n\n\n\n<p>Seit 1998 ist Viktor Masseur und Betreuer der russischen nationalen Sportmannschaft f\u00fcr Bahnrennrad bei Welt- und Europameisterschaften.<\/p>\n\n\n\n<p>Mit seiner umfangreichen Ausbildung, seiner langj\u00e4hrigen Erfahrung und seinem Engagement als Betreuer der Sportmannschaft hat Viktor Malcev einen hervorragenden Ruf erlangt. Er ist bekannt f\u00fcr seine professionellen F\u00e4higkeiten als Sportlehrer, Masseur und Betreuer im Radsport.<\/p>\n<\/div><\/div>\n\n\n\n<hr class=\"wp-block-separator has-css-opacity is-style-default\"\/>\n","protected":false},"excerpt":{"rendered":"<p>Elena Malcev Elena Malcev ist eine staatlich gepr\u00fcfte Physiotherapeutin, die von 2003 bis 2007 ihre Ausbildung in Kerpen absolvierte. Seit 2007 ist sie selbstst\u00e4ndig und betreibt ihre eigene Praxis in &hellip; <\/p>\n","protected":false},"author":1,"featured_media":0,"parent":0,"menu_order":0,"comment_status":"closed","ping_status":"closed","template":"","meta":{"ngg_post_thumbnail":0,"footnotes":""},"class_list":["post-40","page","type-page","status-publish","hentry"],"_links":{"self":[{"href":"https:\/\/malcev.de\/index.php\/wp-json\/wp\/v2\/pages\/40","targetHints":{"allow":["GET"]}}],"collection":[{"href":"https:\/\/malcev.de\/index.php\/wp-json\/wp\/v2\/pages"}],"about":[{"href":"https:\/\/malcev.de\/index.php\/wp-json\/wp\/v2\/types\/page"}],"author":[{"embeddable":true,"href":"https:\/\/malcev.de\/index.php\/wp-json\/wp\/v2\/users\/1"}],"replies":[{"embeddable":true,"href":"https:\/\/malcev.de\/index.php\/wp-json\/wp\/v2\/comments?post=40"}],"version-history":[{"count":46,"href":"https:\/\/malcev.de\/index.php\/wp-json\/wp\/v2\/pages\/40\/revisions"}],"predecessor-version":[{"id":955,"href":"https:\/\/malcev.de\/index.php\/wp-json\/wp\/v2\/pages\/40\/revisions\/955"}],"wp:attachment":[{"href":"https:\/\/malcev.de\/index.php\/wp-json\/wp\/v2\/media?parent=40"}],"curies":[{"name":"wp","href":"https:\/\/api.w.org\/{rel}","templated":true}]}}