{"id":43,"date":"2023-06-13T11:34:46","date_gmt":"2023-06-13T11:34:46","guid":{"rendered":"https:\/\/web186.sabine.webhoster.ag\/wordpress\/?page_id=43"},"modified":"2025-12-07T15:59:19","modified_gmt":"2025-12-07T15:59:19","slug":"impressum","status":"publish","type":"page","link":"https:\/\/malcev.de\/index.php\/impressum\/","title":{"rendered":"Impressum"},"content":{"rendered":"\n<hr class=\"wp-block-separator has-alpha-channel-opacity\"\/>\n\n\n\n<div class=\"wp-block-columns alignfull has-text-color has-background is-layout-flex wp-container-core-columns-is-layout-9d6595d7 wp-block-columns-is-layout-flex\" style=\"color:#000000;background-color:#ffffff\">\n<div class=\"wp-block-column is-layout-flow wp-block-column-is-layout-flow\">\n<h3 class=\"wp-block-heading has-text-align-center\" style=\"font-size:24px;line-height:1.3\">Praxis f\u00fcr Physiot\u00adhera\u00adpie Ele\u00adna Mal\u00adcev<\/h3>\n\n\n\n<p class=\"has-text-align-center\">J\u00fclicher Str. 44<br>52070 Aachen<\/p>\n\n\n\n<p class=\"has-text-align-center\">Tel: 0241 9008111<br>e.malcev@yahoo.com<\/p>\n\n\n\n<p class=\"has-text-align-center\"><strong>Inhaberin:<\/strong> Elena Malcev<br><\/p>\n<\/div>\n<\/div>\n\n\n\n<hr class=\"wp-block-separator has-alpha-channel-opacity\"\/>\n\n\n\n<h2 class=\"wp-block-heading has-vivid-cyan-blue-color has-text-color\">Haftungsausschluss<\/h2>\n\n\n\n<h2 class=\"wp-block-heading\">Haftung f\u00fcr Inhalte<\/h2>\n\n\n\n<p>Die Inhalte dieser Webseite wurden mit gr\u00f6\u00dfter Sorgfalt erstellt. F\u00fcr die Richtigkeit, Vollst\u00e4ndigkeit und Aktualit\u00e4t der Inhalte \u00fcbernehmen wir jedoch keine Gew\u00e4hr. Als Diensteanbieter sind wir gem\u00e4\u00df \u00a7 7 Abs. 1 DDG f\u00fcr eigene Inhalte nach den allgemeinen Gesetzen verantwortlich. Nach \u00a7\u00a7 8\u201310 DDG sind wir jedoch nicht verpflichtet, \u00fcbermittelte oder gespeicherte fremde Informationen zu \u00fcberwachen oder nach Umst\u00e4nden zu forschen, die auf eine rechtswidrige T\u00e4tigkeit hinweisen. Verpflichtungen zur Entfernung oder Sperrung der Nutzung von Informationen nach den allgemeinen Gesetzen bleiben hiervon unber\u00fchrt. Eine diesbez\u00fcgliche Haftung ist jedoch erst ab dem Zeitpunkt der Kenntnis einer konkreten Rechtsverletzung m\u00f6glich. Bei Bekanntwerden entsprechender Rechtsverletzungen entfernen wir diese Inhalte umgehend.<\/p>\n\n\n\n<h2 class=\"wp-block-heading\">Haftung f\u00fcr Links<\/h2>\n\n\n\n<p>Unsere Webseite enth\u00e4lt Links zu externen Webseiten Dritter, auf deren Inhalte wir keinen Einfluss haben. Deshalb \u00fcbernehmen wir f\u00fcr diese fremden Inhalte keine Gew\u00e4hr. F\u00fcr die Inhalte verlinkter Seiten ist stets der jeweilige Anbieter oder Betreiber verantwortlich. Rechtswidrige Inhalte waren zum Zeitpunkt der Verlinkung nicht erkennbar. Eine fortlaufende Kontrolle verlinkter Seiten ist jedoch ohne konkrete Anhaltspunkte einer Rechtsverletzung nicht zumutbar. Bei Bekanntwerden von Rechtsverletzungen entfernen wir derartige Links umgehend.<\/p>\n\n\n\n<h2 class=\"wp-block-heading\">Urheberrecht<\/h2>\n\n\n\n<p>Die auf dieser Webseite erstellten Inhalte und Werke unterliegen dem deutschen Urheberrecht. Vervielf\u00e4ltigung, Bearbeitung, Verbreitung und jede Art der Verwertung au\u00dferhalb der Grenzen des Urheberrechts bed\u00fcrfen der schriftlichen Zustimmung des jeweiligen Autors bzw. Erstellers. Downloads und Kopien dieser Seite sind nur f\u00fcr den privaten, nicht kommerziellen Gebrauch gestattet. Inhalte Dritter sind als solche gekennzeichnet. Bei Bekanntwerden von Urheberrechtsverletzungen entfernen wir derartige Inhalte umgehend.<\/p>\n\n\n\n<h2 class=\"wp-block-heading\">Datenschutz<\/h2>\n\n\n\n<p>Die Nutzung unserer Webseite ist in der Regel ohne Angabe personenbezogener Daten m\u00f6glich. Soweit auf unseren Seiten personenbezogene Daten (z. B. Name, Anschrift oder E-Mail-Adresse) erhoben werden, erfolgt dies stets auf freiwilliger Basis. Diese Daten werden ohne Ihre ausdr\u00fcckliche Zustimmung nicht an Dritte weitergegeben. Wir weisen darauf hin, dass die Daten\u00fcbertragung im Internet (z. B. bei Kommunikation per E-Mail) Sicherheitsl\u00fccken aufweisen kann. Ein l\u00fcckenloser Schutz der Daten vor dem Zugriff Dritter ist nicht m\u00f6glich. Der Nutzung der im Rahmen der Impressumspflicht ver\u00f6ffentlichten Kontaktdaten zur \u00dcbersendung von nicht ausdr\u00fccklich angeforderter Werbung wird widersprochen. Die Betreiber behalten sich rechtliche Schritte im Falle unverlangter Zusendung von Werbung (z. B. Spam-Mails) vor.<\/p>\n","protected":false},"excerpt":{"rendered":"<p>Praxis f\u00fcr Physiot\u00adhera\u00adpie Ele\u00adna Mal\u00adcev J\u00fclicher Str. 4452070 Aachen Tel: 0241 9008111e.malcev@yahoo.com Inhaberin: Elena Malcev Haftungsausschluss Haftung f\u00fcr Inhalte Die Inhalte dieser Webseite wurden mit gr\u00f6\u00dfter Sorgfalt erstellt. F\u00fcr die &hellip; <\/p>\n","protected":false},"author":1,"featured_media":0,"parent":0,"menu_order":0,"comment_status":"closed","ping_status":"closed","template":"","meta":{"ngg_post_thumbnail":0,"footnotes":""},"class_list":["post-43","page","type-page","status-publish","hentry"],"_links":{"self":[{"href":"https:\/\/malcev.de\/index.php\/wp-json\/wp\/v2\/pages\/43","targetHints":{"allow":["GET"]}}],"collection":[{"href":"https:\/\/malcev.de\/index.php\/wp-json\/wp\/v2\/pages"}],"about":[{"href":"https:\/\/malcev.de\/index.php\/wp-json\/wp\/v2\/types\/page"}],"author":[{"embeddable":true,"href":"https:\/\/malcev.de\/index.php\/wp-json\/wp\/v2\/users\/1"}],"replies":[{"embeddable":true,"href":"https:\/\/malcev.de\/index.php\/wp-json\/wp\/v2\/comments?post=43"}],"version-history":[{"count":9,"href":"https:\/\/malcev.de\/index.php\/wp-json\/wp\/v2\/pages\/43\/revisions"}],"predecessor-version":[{"id":962,"href":"https:\/\/malcev.de\/index.php\/wp-json\/wp\/v2\/pages\/43\/revisions\/962"}],"wp:attachment":[{"href":"https:\/\/malcev.de\/index.php\/wp-json\/wp\/v2\/media?parent=43"}],"curies":[{"name":"wp","href":"https:\/\/api.w.org\/{rel}","templated":true}]}}